{"id":1140,"date":"2025-11-16T15:11:46","date_gmt":"2025-11-16T14:11:46","guid":{"rendered":"https:\/\/centreastronomiquevendeen.fr\/?page_id=1140"},"modified":"2026-02-22T16:24:04","modified_gmt":"2026-02-22T15:24:04","slug":"soiree-publique-ciel-dhiver","status":"publish","type":"page","link":"https:\/\/centreastronomiquevendeen.fr\/?page_id=1140","title":{"rendered":"Soir\u00e9e Publique &#8211; Ciel de Printemps"},"content":{"rendered":"\n<h2 class=\"wp-block-heading\">Entr\u00e9e libre pour tous public. Sans r\u00e9servation<\/h2>\n\n\n\n<p>S<strong>amedi 25 avril<\/strong> 2026 sur le site de l\u2019observatoire <a href=\"https:\/\/centreastronomiquevendeen.fr\/?page_id=176\" data-type=\"link\" data-id=\"https:\/\/centreastronomiquevendeen.fr\/?page_id=176\">(Les Bourbes \u2013 85310 Le Tablier)<\/a><\/p>\n\n\n\n<h2 class=\"wp-block-heading\"><strong>Au programme:<\/strong><\/h2>\n\n\n\n<p>&#8211; Accueil \u00e0 partir de 20h00<\/p>\n\n\n\n<p>&#8211; Objets typiques du ciel de printemps :  c&rsquo;est la saison des galaxies<\/p>\n\n\n\n<ul class=\"wp-block-list\">\n<li><strong>Syst\u00e8me Solaire<\/strong> : \n<ul class=\"wp-block-list\">\n<li>La lune sera illumin\u00e9e \u00e0 environ 69% et se trouvera dans la constellation du Lion, proche de l&rsquo;\u00e9toile R\u00e9gulus. C\u2019est une excellente occasion d&rsquo;observer le terminateur, notamment l&rsquo;effet \u00ab\u00a0Plato&rsquo;s Hook\u00a0\u00bb (le crochet de Platon) visible ce soir-l\u00e0 sur le bord du crat\u00e8re Platon. <\/li>\n\n\n\n<li>Jupiter, Uranus<\/li>\n\n\n\n<li>Pluie de m\u00e9t\u00e9ores des Lyrides<strong> :<\/strong> Bien que le pic soit le 22 avril, vous pourriez encore apercevoir quelques tra\u00een\u00e9es rapides en fin de nuit.<\/li>\n<\/ul>\n<\/li>\n\n\n\n<li><strong>Amas <\/strong>d\u2019\u00e9toiles <strong>N\u00e9buleuses <\/strong>: M3 (Amas Globulaire), M44 (L&rsquo;Amas de la Cr\u00e8che), NGC 4361<strong> <\/strong>dans le Corbeau, M97 (La N\u00e9buleuse du Hibou), NGC 2392 (La N\u00e9buleuse de l&rsquo;Esquimau)<\/li>\n\n\n\n<li><strong>Galaxies <\/strong>: M51 (Galaxie du Tourbillon), M81 et M82, M104 (Sombrero), le triplet du Lion, M64 (La Galaxie de l&rsquo;\u0152il Noir), La Cha\u00eene de Markarian (Amas de la Vierge) &#8230;<\/li>\n\n\n\n<li><strong>Etoiles <\/strong>:\n<ul class=\"wp-block-list\">\n<li>Triangle du Printemps : Arcturus (Bouvier), Spica (Vierge), R\u00e9gulus (Lion)<\/li>\n\n\n\n<li>\u00c9toiles doubles et multiples : Cor Caroli et La Superba (Chiens de Chasse), Mizar et Alcor, Algieba (Gamma Leonis)<\/li>\n<\/ul>\n<\/li>\n\n\n\n<li><strong>\u00c9toiles aux couleurs extr\u00eames<\/strong> : La Superba (Chiens de Chasse), Vindemiatrix (Vierge)<\/li>\n<\/ul>\n\n\n\n<p>&#8211; Mat\u00e9riels <\/p>\n\n\n\n<ul class=\"wp-block-list\">\n<li>Tour du ciel au pointeur laser.<\/li>\n\n\n\n<li>Observation visuelle aux grandes jumelles, lunettes et t\u00e9lescopes.<\/li>\n\n\n\n<li>Des membres mettront \u00e0 votre disposition leurs propres mat\u00e9riels. Merci d&rsquo;en prendre le plus grand soin!<\/li>\n<\/ul>\n\n\n\n<p>&#8211; Interdiction de fumer et de consommer de l&rsquo;alcool sur cet espace priv\u00e9.&nbsp;<br>&#8211; Lumi\u00e8re blanche \u00e0 limiter au maximum (lumi\u00e8re rouge OK).<\/p>\n\n\n\n<p>La soir\u00e9e est gratuite mais les dons sont appr\u00e9ci\u00e9s pour nous aider \u00e0 faire vivre l&rsquo;association dans les meilleures conditions.<\/p>\n\n\n\n<p>\u200bPr\u00e9voir les v\u00eatements chauds ad\u00e9quats. Soir\u00e9e annul\u00e9e si mauvaises conditions m\u00e9t\u00e9o, consulter la page&nbsp;<a href=\"https:\/\/www.facebook.com\/CentreAstronomiqueVendeen.CAV\" target=\"_blank\" rel=\"noreferrer noopener\">Facebook<\/a>&nbsp;ou la <a href=\"https:\/\/www.meteoblue.com\/fr\/meteo\/outdoorsports\/seeing\/le-tablier_france_6619553\" target=\"_blank\" rel=\"noreferrer noopener\">m\u00e9t\u00e9o <\/a>le jour m\u00eame<\/p>\n\n\n\n<p><\/p>\n","protected":false},"excerpt":{"rendered":"<p>Entr\u00e9e libre pour tous public. Sans r\u00e9servation Samedi 25 avril 2026 sur le site de l\u2019observatoire (Les Bourbes \u2013 85310 Le Tablier) Au programme: &#8211; Accueil \u00e0 partir de 20h00 &#8211; Objets typiques du ciel de printemps : c&rsquo;est la saison des galaxies &#8211; Mat\u00e9riels &#8211; Interdiction de fumer et de consommer de l&rsquo;alcool sur [&hellip;]<\/p>\n","protected":false},"author":1,"featured_media":0,"parent":0,"menu_order":0,"comment_status":"closed","ping_status":"closed","template":"","meta":{"footnotes":""},"class_list":["post-1140","page","type-page","status-publish","hentry","entry"],"_links":{"self":[{"href":"https:\/\/centreastronomiquevendeen.fr\/index.php?rest_route=\/wp\/v2\/pages\/1140","targetHints":{"allow":["GET"]}}],"collection":[{"href":"https:\/\/centreastronomiquevendeen.fr\/index.php?rest_route=\/wp\/v2\/pages"}],"about":[{"href":"https:\/\/centreastronomiquevendeen.fr\/index.php?rest_route=\/wp\/v2\/types\/page"}],"author":[{"embeddable":true,"href":"https:\/\/centreastronomiquevendeen.fr\/index.php?rest_route=\/wp\/v2\/users\/1"}],"replies":[{"embeddable":true,"href":"https:\/\/centreastronomiquevendeen.fr\/index.php?rest_route=%2Fwp%2Fv2%2Fcomments&post=1140"}],"version-history":[{"count":33,"href":"https:\/\/centreastronomiquevendeen.fr\/index.php?rest_route=\/wp\/v2\/pages\/1140\/revisions"}],"predecessor-version":[{"id":1247,"href":"https:\/\/centreastronomiquevendeen.fr\/index.php?rest_route=\/wp\/v2\/pages\/1140\/revisions\/1247"}],"wp:attachment":[{"href":"https:\/\/centreastronomiquevendeen.fr\/index.php?rest_route=%2Fwp%2Fv2%2Fmedia&parent=1140"}],"curies":[{"name":"wp","href":"https:\/\/api.w.org\/{rel}","templated":true}]}}