{"id":196,"date":"2025-09-27T20:53:08","date_gmt":"2025-09-27T19:53:08","guid":{"rendered":"https:\/\/centreastronomiquevendeen.fr\/?page_id=196"},"modified":"2025-09-29T17:46:30","modified_gmt":"2025-09-29T16:46:30","slug":"partenaires","status":"publish","type":"page","link":"https:\/\/centreastronomiquevendeen.fr\/?page_id=196","title":{"rendered":"Partenaires"},"content":{"rendered":"\n<h2 class=\"wp-block-heading\">La commune du Tablier : Village \u00e9toil\u00e9<\/h2>\n\n\n\n<div class=\"wp-block-media-text is-stacked-on-mobile\" style=\"grid-template-columns:24% auto\"><figure class=\"wp-block-media-text__media\"><a href=\"https:\/\/www.letablier.fr\/\" target=\"_blank\" rel=\" noreferrer noopener\"><img loading=\"lazy\" decoding=\"async\" width=\"159\" height=\"152\" src=\"http:\/\/centreastronomiquevendeen.fr\/wp-content\/uploads\/2025\/09\/logo-letablier.png\" alt=\"\" class=\"wp-image-190 size-full\"\/><\/a><\/figure><div class=\"wp-block-media-text__content\">\n<p>Le Tablier&nbsp;est une commune fran\u00e7aise situ\u00e9e dans le d\u00e9partement de la Vend\u00e9e, en r\u00e9gion Pays de la Loire, \u00e0 15 km de La Roche-sur-Yon.&nbsp;Elle est reconnue pour \u00eatre l&rsquo;unique commune de l&rsquo;agglom\u00e9ration de La Roche-sur-Yon \u00e0 d\u00e9tenir le label \u00ab Villes et villages \u00e9toil\u00e9s \u00bb, attribu\u00e9 par l&rsquo;Association nationale pour la protection du ciel et de l&rsquo;environnement nocturnes (ANPCEN).&nbsp;Ce label, qui vise \u00e0 lutter contre la pollution lumineuse, a \u00e9t\u00e9 obtenu par la commune en 2015 et \u00e0 nouveau en 2020, avec une \u00e9valuation de trois \u00e9toiles.&nbsp;Ce label est attribu\u00e9 pour une dur\u00e9e de cinq ans, et Le Tablier a \u00e9t\u00e9 reconnue pour ses efforts en mati\u00e8re de r\u00e9duction de l&rsquo;\u00e9clairage artificiel, notamment gr\u00e2ce au remplacement des ampoules par des LED \u00e0 lumi\u00e8re orang\u00e9e et \u00e0 la limitation des illuminations de No\u00ebl \u00e0 trois semaines.&nbsp;Ces mesures ont permis de r\u00e9duire la facture d&rsquo;\u00e9clairage public de 48 %.&nbsp;La pr\u00e9sence de l&rsquo;observatoire astronomique du Centre astronomique vend\u00e9en a \u00e9galement jou\u00e9 un r\u00f4le cl\u00e9 dans l&rsquo;obtention de ce label, car les b\u00e9n\u00e9voles ont besoin d&rsquo;un ciel sombre pour leurs observations.<\/p>\n\n\n\n<p><\/p>\n<\/div><\/div>\n\n\n\n<h2 class=\"wp-block-heading\">Conseil d\u00e9partemental de la Vend\u00e9e<\/h2>\n\n\n\n<div class=\"wp-block-media-text is-stacked-on-mobile\" style=\"grid-template-columns:24% auto\"><figure class=\"wp-block-media-text__media\"><a href=\"https:\/\/www.vendee.fr\/\" target=\"_blank\" rel=\" noreferrer noopener\"><img loading=\"lazy\" decoding=\"async\" width=\"225\" height=\"345\" src=\"https:\/\/centreastronomiquevendeen.fr\/wp-content\/uploads\/2025\/09\/Logo_Departemental_Vendee_2015.svg_.png\" alt=\"\" class=\"wp-image-203 size-full\" srcset=\"https:\/\/centreastronomiquevendeen.fr\/wp-content\/uploads\/2025\/09\/Logo_Departemental_Vendee_2015.svg_.png 225w, https:\/\/centreastronomiquevendeen.fr\/wp-content\/uploads\/2025\/09\/Logo_Departemental_Vendee_2015.svg_-196x300.png 196w\" sizes=\"auto, (max-width: 225px) 100vw, 225px\" \/><\/a><\/figure><div class=\"wp-block-media-text__content\">\n<p>Le&nbsp;<strong>conseil d\u00e9partemental de la Vend\u00e9e<\/strong>, d\u00e9nomm\u00e9&nbsp;<strong>conseil g\u00e9n\u00e9ral de la Vend\u00e9e<\/strong>&nbsp;avant le&nbsp;2 avril 2015, est l\u2019assembl\u00e9e d\u00e9lib\u00e9rante&nbsp;du&nbsp;d\u00e9partement&nbsp;de la&nbsp;<a href=\"https:\/\/fr.wikipedia.org\/wiki\/Vend%C3%A9e_(d%C3%A9partement)\">Vend\u00e9e<\/a><\/p>\n<\/div><\/div>\n","protected":false},"excerpt":{"rendered":"<p>La commune du Tablier : Village \u00e9toil\u00e9 Le Tablier&nbsp;est une commune fran\u00e7aise situ\u00e9e dans le d\u00e9partement de la Vend\u00e9e, en r\u00e9gion Pays de la Loire, \u00e0 15 km de La Roche-sur-Yon.&nbsp;Elle est reconnue pour \u00eatre l&rsquo;unique commune de l&rsquo;agglom\u00e9ration de La Roche-sur-Yon \u00e0 d\u00e9tenir le label \u00ab Villes et villages \u00e9toil\u00e9s \u00bb, attribu\u00e9 par l&rsquo;Association [&hellip;]<\/p>\n","protected":false},"author":1,"featured_media":0,"parent":0,"menu_order":0,"comment_status":"closed","ping_status":"closed","template":"","meta":{"footnotes":""},"class_list":["post-196","page","type-page","status-publish","hentry","entry"],"_links":{"self":[{"href":"https:\/\/centreastronomiquevendeen.fr\/index.php?rest_route=\/wp\/v2\/pages\/196","targetHints":{"allow":["GET"]}}],"collection":[{"href":"https:\/\/centreastronomiquevendeen.fr\/index.php?rest_route=\/wp\/v2\/pages"}],"about":[{"href":"https:\/\/centreastronomiquevendeen.fr\/index.php?rest_route=\/wp\/v2\/types\/page"}],"author":[{"embeddable":true,"href":"https:\/\/centreastronomiquevendeen.fr\/index.php?rest_route=\/wp\/v2\/users\/1"}],"replies":[{"embeddable":true,"href":"https:\/\/centreastronomiquevendeen.fr\/index.php?rest_route=%2Fwp%2Fv2%2Fcomments&post=196"}],"version-history":[{"count":9,"href":"https:\/\/centreastronomiquevendeen.fr\/index.php?rest_route=\/wp\/v2\/pages\/196\/revisions"}],"predecessor-version":[{"id":667,"href":"https:\/\/centreastronomiquevendeen.fr\/index.php?rest_route=\/wp\/v2\/pages\/196\/revisions\/667"}],"wp:attachment":[{"href":"https:\/\/centreastronomiquevendeen.fr\/index.php?rest_route=%2Fwp%2Fv2%2Fmedia&parent=196"}],"curies":[{"name":"wp","href":"https:\/\/api.w.org\/{rel}","templated":true}]}}