{"id":369,"date":"2025-09-27T23:33:05","date_gmt":"2025-09-27T22:33:05","guid":{"rendered":"https:\/\/centreastronomiquevendeen.fr\/?page_id=369"},"modified":"2025-10-11T17:20:47","modified_gmt":"2025-10-11T16:20:47","slug":"histoire-du-cav","status":"publish","type":"page","link":"https:\/\/centreastronomiquevendeen.fr\/?page_id=369","title":{"rendered":"Historique du CAV"},"content":{"rendered":"\n<h2 class=\"wp-block-heading\">\ud83e\ude90 Mot du fondateur<\/h2>\n\n\n\n<p>\u201cL\u2019observation du ciel se pratique depuis la pr\u00e9histoire et, aujourd\u2019hui encore, nous observons la vo\u00fbte c\u00e9leste avec autant de fascination et d\u2019admiration.<\/p>\n\n\n\n<div class=\"wp-block-media-text is-stacked-on-mobile\"><figure class=\"wp-block-media-text__media\"><img loading=\"lazy\" decoding=\"async\" width=\"703\" height=\"512\" src=\"http:\/\/centreastronomiquevendeen.fr\/wp-content\/uploads\/2025\/10\/Saturne.jpg\" alt=\"\" class=\"wp-image-877 size-full\" srcset=\"https:\/\/centreastronomiquevendeen.fr\/wp-content\/uploads\/2025\/10\/Saturne.jpg 703w, https:\/\/centreastronomiquevendeen.fr\/wp-content\/uploads\/2025\/10\/Saturne-300x218.jpg 300w\" sizes=\"auto, (max-width: 703px) 100vw, 703px\" \/><\/figure><div class=\"wp-block-media-text__content\">\n<p>Pour l\u2019amateur que je suis, j\u2019ai la chance de pouvoir pointer mon t\u00e9lescope n\u2019importe o\u00f9 parmi les \u00e9toiles. Quel enchantement d\u2019admirer les galaxies lointaines, des centaines de n\u00e9buleuses si diff\u00e9rentes entre elles, sans oublier nos ch\u00e8res voisines les plan\u00e8tes. En effet j\u2019ai le privil\u00e8ge de suivre de jour en jour, l\u2019\u00e9volution d\u2019une temp\u00eate sur la plan\u00e8te Mars, ou bien l\u2019\u00e9volution des ouragans aux couleurs pastel sur Jupiter, quant \u00e0 Saturne et ses anneaux, elle nous livre tous ses secrets de beaut\u00e9.<br>Depuis maintenant plus de 25 ans d\u2019observations astronomiques, j\u2019observe encore aujourd\u2019hui avec autant d\u2019\u00e9merveillement. Les nouveaux t\u00e9lescopes du Centre Astronomique Vend\u00e9en vont permettre \u00e0 toutes personnes, quel que soit l\u2019\u00e2ge bien s\u00fbr, de d\u00e9couvrir l\u2019immensit\u00e9 de l\u2019univers qui nous entoure.<br>Nous prenons conscience \u00e0 ce moment-l\u00e0 que l\u2019homme sur sa petite plan\u00e8te que l\u2019on appelle la Terre, est bien peu de chose.\u201d<\/p>\n\n\n\n<p><strong>\u200bChristophe GUILLOU &#8211; Fondateur du CAV (1997)<\/strong><\/p>\n<\/div><\/div>\n\n\n\n<p><\/p>\n\n\n\n<p><\/p>\n\n\n\n<div class=\"wp-block-media-text has-media-on-the-right is-stacked-on-mobile\"><div class=\"wp-block-media-text__content\">\n<p>A l\u2019origine, nous \u00e9tions une association anciennement bas\u00e9e au Bois des Girondins \u00e0 la Roche-sur-Yon. Notre club, \u00e0 l\u2019\u00e9poque nomm\u00e9 Uranie, a vu au fil des ann\u00e9es, la noirceur du ciel se d\u00e9grader par l\u2019implantation d\u2019une zone industrielle fortement \u00e9clair\u00e9e. Constatation internationale : la pollution lumineuse grignote de plus en plus la vo\u00fbte c\u00e9leste !<br>Impuissant face \u00e0 cette d\u00e9gradation, deux membres tr\u00e8s passionn\u00e9s, Michel BONNIN et Christophe GUILLOU ont \u00e9mis l\u2019id\u00e9e de partir prospecter les communes environnantes sur un rayon de 20 km afin de trouver un nouveau site . La majorit\u00e9 des membres \u00e9tant pour cette id\u00e9e, Michel et Christophe ont recens\u00e9 de nombreux terrains correspondant \u00e0 nos crit\u00e8res. Notre choix s\u2019est finalement tourn\u00e9 vers une <a href=\"https:\/\/centreastronomiquevendeen.fr\/?page_id=401\" data-type=\"page\" data-id=\"401\">parcelle situ\u00e9e sur la commune du Tablier<\/a>.<br>En effet cette commune, aux abords de la vall\u00e9e de l\u2019Yon, est id\u00e9alement plac\u00e9e au sud de la Roche, limitant ainsi la g\u00eane occasionn\u00e9e par le halo de la ville grandissante. De plus, le terrain retenu est situ\u00e9 \u00e0 3 km du village et sur les hauteurs de Piquet ( voir plan d\u2019acc\u00e8s). La situation de cette parcelle s\u2019av\u00e8re donc id\u00e9ale car situ\u00e9e au sein d\u2019une zone prot\u00e9g\u00e9e, loin de toute habitation et poss\u00e9dant un horizon d\u00e9gag\u00e9 sur 360\u00b0.<\/p>\n\n\n\n<p>Et c\u2019est gr\u00e2ce au Conseil G\u00e9n\u00e9ral de la Vend\u00e9e que notre r\u00eave a pu devenir r\u00e9alit\u00e9. En effet le D\u00e9partement nous a c\u00e9d\u00e9 cette parcelle de 500m\u00b2 pour la modique somme de 2 000 F (soit environ 300 euros).<\/p>\n\n\n\n<p>\u200bCe site offrira aux passionn\u00e9s d\u2019astronomie un ciel de haute qualit\u00e9, le tout dans un cadre bucolique\u2026<\/p>\n<\/div><figure class=\"wp-block-media-text__media\"><img loading=\"lazy\" decoding=\"async\" width=\"1024\" height=\"472\" src=\"http:\/\/centreastronomiquevendeen.fr\/wp-content\/uploads\/2025\/09\/Dome_CAV-1024x472.jpg\" alt=\"\" class=\"wp-image-88 size-full\" srcset=\"https:\/\/centreastronomiquevendeen.fr\/wp-content\/uploads\/2025\/09\/Dome_CAV-1024x472.jpg 1024w, https:\/\/centreastronomiquevendeen.fr\/wp-content\/uploads\/2025\/09\/Dome_CAV-300x138.jpg 300w, https:\/\/centreastronomiquevendeen.fr\/wp-content\/uploads\/2025\/09\/Dome_CAV-768x354.jpg 768w, https:\/\/centreastronomiquevendeen.fr\/wp-content\/uploads\/2025\/09\/Dome_CAV-1536x707.jpg 1536w, https:\/\/centreastronomiquevendeen.fr\/wp-content\/uploads\/2025\/09\/Dome_CAV.jpg 1824w\" sizes=\"auto, (max-width: 1024px) 100vw, 1024px\" \/><\/figure><\/div>\n\n\n\n<p><\/p>\n","protected":false},"excerpt":{"rendered":"<p>\ud83e\ude90 Mot du fondateur \u201cL\u2019observation du ciel se pratique depuis la pr\u00e9histoire et, aujourd\u2019hui encore, nous observons la vo\u00fbte c\u00e9leste avec autant de fascination et d\u2019admiration. Pour l\u2019amateur que je suis, j\u2019ai la chance de pouvoir pointer mon t\u00e9lescope n\u2019importe o\u00f9 parmi les \u00e9toiles. Quel enchantement d\u2019admirer les galaxies lointaines, des centaines de n\u00e9buleuses si [&hellip;]<\/p>\n","protected":false},"author":1,"featured_media":0,"parent":0,"menu_order":0,"comment_status":"closed","ping_status":"closed","template":"","meta":{"footnotes":""},"class_list":["post-369","page","type-page","status-publish","hentry","entry"],"_links":{"self":[{"href":"https:\/\/centreastronomiquevendeen.fr\/index.php?rest_route=\/wp\/v2\/pages\/369","targetHints":{"allow":["GET"]}}],"collection":[{"href":"https:\/\/centreastronomiquevendeen.fr\/index.php?rest_route=\/wp\/v2\/pages"}],"about":[{"href":"https:\/\/centreastronomiquevendeen.fr\/index.php?rest_route=\/wp\/v2\/types\/page"}],"author":[{"embeddable":true,"href":"https:\/\/centreastronomiquevendeen.fr\/index.php?rest_route=\/wp\/v2\/users\/1"}],"replies":[{"embeddable":true,"href":"https:\/\/centreastronomiquevendeen.fr\/index.php?rest_route=%2Fwp%2Fv2%2Fcomments&post=369"}],"version-history":[{"count":42,"href":"https:\/\/centreastronomiquevendeen.fr\/index.php?rest_route=\/wp\/v2\/pages\/369\/revisions"}],"predecessor-version":[{"id":1054,"href":"https:\/\/centreastronomiquevendeen.fr\/index.php?rest_route=\/wp\/v2\/pages\/369\/revisions\/1054"}],"wp:attachment":[{"href":"https:\/\/centreastronomiquevendeen.fr\/index.php?rest_route=%2Fwp%2Fv2%2Fmedia&parent=369"}],"curies":[{"name":"wp","href":"https:\/\/api.w.org\/{rel}","templated":true}]}}