{"id":401,"date":"2025-09-28T00:08:57","date_gmt":"2025-09-27T23:08:57","guid":{"rendered":"https:\/\/centreastronomiquevendeen.fr\/?page_id=401"},"modified":"2025-10-11T17:15:39","modified_gmt":"2025-10-11T16:15:39","slug":"origine-du-cav-et-construction","status":"publish","type":"page","link":"https:\/\/centreastronomiquevendeen.fr\/?page_id=401","title":{"rendered":"Origine du CAV et construction"},"content":{"rendered":"\n<figure class=\"wp-block-image\"><img decoding=\"async\" src=\"https:\/\/static.wixstatic.com\/media\/66e29f_e33d951b70ee42fa9bbc01af01e81222~mv2.jpg\/v1\/fill\/w_966,h_182,al_c,q_80,usm_0.66_1.00_0.01,enc_avif,quality_auto\/cav1_JPG.jpg\" alt=\"cav1.JPG\"\/><\/figure>\n\n\n\n<h2 class=\"wp-block-heading\">\ud83c\udfd7\ufe0fConstruction de l&rsquo;observatoire en images<\/h2>\n\n\n\n<p><strong>Cet album retrace les diff\u00e9rentes \u00e9tapes de la construction de l&rsquo;observatoire.<\/strong><\/p>\n\n\n\n<p><strong>Afin de r\u00e9duire les co\u00fbts, les travaux ont \u00e9t\u00e9 en tr\u00e8s grande partie par les membres de l&rsquo;association.<\/strong><\/p>\n\n\n\n<div class=\"alignnormal\"><div id=\"metaslider-id-404\" style=\"width: 100%; margin: 0 auto;\" class=\"ml-slider-3-107-0 metaslider metaslider-flex metaslider-404 ml-slider has-dots-nav has-carousel-mode has-loading ms-theme-default-base\" role=\"region\" aria-label=\"Diaporama construction\" data-height=\"400\" data-width=\"1000\">\n    <div id=\"metaslider_container_404\">\n        <div id=\"metaslider_404\">\n            <ul aria-live='off' class='slides'>\n                <li style=\"display: none; width: 100%;\" class=\"slide-548 ms-image \" aria-roledescription=\"slide\" data-date=\"2025-09-28 00:49:37\" data-filename=\"Image0001.jpg\" data-slide-type=\"image\"><img loading=\"lazy\" decoding=\"async\" width=\"1000\" height=\"452\" src=\"https:\/\/centreastronomiquevendeen.fr\/wp-content\/uploads\/2025\/09\/Image0001.jpg\" class=\"slider-404 slide-548 msDefaultImage\" alt=\"\" rel=\"\" title=\"Image0001\" srcset=\"https:\/\/centreastronomiquevendeen.fr\/wp-content\/uploads\/2025\/09\/Image0001.jpg 1000w, https:\/\/centreastronomiquevendeen.fr\/wp-content\/uploads\/2025\/09\/Image0001-300x136.jpg 300w, https:\/\/centreastronomiquevendeen.fr\/wp-content\/uploads\/2025\/09\/Image0001-768x347.jpg 768w\" sizes=\"auto, (max-width: 1000px) 100vw, 1000px\" \/><\/li>\n                <li style=\"display: none; width: 100%;\" class=\"slide-551 ms-image \" aria-roledescription=\"slide\" data-date=\"2025-09-28 00:49:37\" data-filename=\"Image0004.jpg\" data-slide-type=\"image\"><img loading=\"lazy\" decoding=\"async\" width=\"1000\" height=\"529\" src=\"https:\/\/centreastronomiquevendeen.fr\/wp-content\/uploads\/2025\/09\/Image0004.jpg\" class=\"slider-404 slide-551 msDefaultImage\" alt=\"\" rel=\"\" title=\"Image0004\" srcset=\"https:\/\/centreastronomiquevendeen.fr\/wp-content\/uploads\/2025\/09\/Image0004.jpg 1000w, https:\/\/centreastronomiquevendeen.fr\/wp-content\/uploads\/2025\/09\/Image0004-300x159.jpg 300w, https:\/\/centreastronomiquevendeen.fr\/wp-content\/uploads\/2025\/09\/Image0004-768x406.jpg 768w\" sizes=\"auto, (max-width: 1000px) 100vw, 1000px\" \/><\/li>\n                <li style=\"display: none; width: 100%;\" class=\"slide-552 ms-image \" aria-roledescription=\"slide\" data-date=\"2025-09-28 00:49:38\" data-filename=\"Image0005.jpg\" data-slide-type=\"image\"><img loading=\"lazy\" decoding=\"async\" width=\"1000\" height=\"756\" src=\"https:\/\/centreastronomiquevendeen.fr\/wp-content\/uploads\/2025\/09\/Image0005.jpg\" class=\"slider-404 slide-552 msDefaultImage\" alt=\"\" rel=\"\" title=\"Image0005\" srcset=\"https:\/\/centreastronomiquevendeen.fr\/wp-content\/uploads\/2025\/09\/Image0005.jpg 1000w, https:\/\/centreastronomiquevendeen.fr\/wp-content\/uploads\/2025\/09\/Image0005-300x227.jpg 300w, https:\/\/centreastronomiquevendeen.fr\/wp-content\/uploads\/2025\/09\/Image0005-768x581.jpg 768w\" sizes=\"auto, (max-width: 1000px) 100vw, 1000px\" \/><\/li>\n                <li style=\"display: none; width: 100%;\" class=\"slide-553 ms-image \" aria-roledescription=\"slide\" data-date=\"2025-09-28 00:49:38\" data-filename=\"Image0006.jpg\" data-slide-type=\"image\"><img loading=\"lazy\" decoding=\"async\" width=\"1000\" height=\"411\" src=\"https:\/\/centreastronomiquevendeen.fr\/wp-content\/uploads\/2025\/09\/Image0006.jpg\" class=\"slider-404 slide-553 msDefaultImage\" alt=\"\" rel=\"\" title=\"Image0006\" srcset=\"https:\/\/centreastronomiquevendeen.fr\/wp-content\/uploads\/2025\/09\/Image0006.jpg 1000w, https:\/\/centreastronomiquevendeen.fr\/wp-content\/uploads\/2025\/09\/Image0006-300x123.jpg 300w, https:\/\/centreastronomiquevendeen.fr\/wp-content\/uploads\/2025\/09\/Image0006-768x316.jpg 768w\" sizes=\"auto, (max-width: 1000px) 100vw, 1000px\" \/><\/li>\n                <li style=\"display: none; width: 100%;\" class=\"slide-554 ms-image \" aria-roledescription=\"slide\" data-date=\"2025-09-28 00:49:38\" data-filename=\"Image0007.jpg\" data-slide-type=\"image\"><img loading=\"lazy\" decoding=\"async\" width=\"1000\" height=\"500\" src=\"https:\/\/centreastronomiquevendeen.fr\/wp-content\/uploads\/2025\/09\/Image0007.jpg\" class=\"slider-404 slide-554 msDefaultImage\" alt=\"\" rel=\"\" title=\"Image0007\" srcset=\"https:\/\/centreastronomiquevendeen.fr\/wp-content\/uploads\/2025\/09\/Image0007.jpg 1000w, https:\/\/centreastronomiquevendeen.fr\/wp-content\/uploads\/2025\/09\/Image0007-300x150.jpg 300w, https:\/\/centreastronomiquevendeen.fr\/wp-content\/uploads\/2025\/09\/Image0007-768x384.jpg 768w, https:\/\/centreastronomiquevendeen.fr\/wp-content\/uploads\/2025\/09\/Image0007-600x300.jpg 600w\" sizes=\"auto, (max-width: 1000px) 100vw, 1000px\" \/><\/li>\n                <li style=\"display: none; width: 100%;\" class=\"slide-555 ms-image \" aria-roledescription=\"slide\" data-date=\"2025-09-28 00:49:38\" data-filename=\"Image0008.jpg\" data-slide-type=\"image\"><img loading=\"lazy\" decoding=\"async\" width=\"1000\" height=\"919\" src=\"https:\/\/centreastronomiquevendeen.fr\/wp-content\/uploads\/2025\/09\/Image0008.jpg\" class=\"slider-404 slide-555 msDefaultImage\" alt=\"\" rel=\"\" title=\"Image0008\" srcset=\"https:\/\/centreastronomiquevendeen.fr\/wp-content\/uploads\/2025\/09\/Image0008.jpg 1000w, https:\/\/centreastronomiquevendeen.fr\/wp-content\/uploads\/2025\/09\/Image0008-300x276.jpg 300w, https:\/\/centreastronomiquevendeen.fr\/wp-content\/uploads\/2025\/09\/Image0008-768x706.jpg 768w\" sizes=\"auto, (max-width: 1000px) 100vw, 1000px\" \/><\/li>\n                <li style=\"display: none; width: 100%;\" class=\"slide-549 ms-image \" aria-roledescription=\"slide\" data-date=\"2025-09-28 00:49:37\" data-filename=\"Image0002.jpg\" data-slide-type=\"image\"><img loading=\"lazy\" decoding=\"async\" width=\"1000\" height=\"424\" src=\"https:\/\/centreastronomiquevendeen.fr\/wp-content\/uploads\/2025\/09\/Image0002.jpg\" class=\"slider-404 slide-549 msDefaultImage\" alt=\"\" rel=\"\" title=\"Image0002\" srcset=\"https:\/\/centreastronomiquevendeen.fr\/wp-content\/uploads\/2025\/09\/Image0002.jpg 1000w, https:\/\/centreastronomiquevendeen.fr\/wp-content\/uploads\/2025\/09\/Image0002-300x127.jpg 300w, https:\/\/centreastronomiquevendeen.fr\/wp-content\/uploads\/2025\/09\/Image0002-768x326.jpg 768w\" sizes=\"auto, (max-width: 1000px) 100vw, 1000px\" \/><\/li>\n                <li style=\"display: none; width: 100%;\" class=\"slide-556 ms-image \" aria-roledescription=\"slide\" data-date=\"2025-09-28 00:49:38\" data-filename=\"Image0009.jpg\" data-slide-type=\"image\"><img loading=\"lazy\" decoding=\"async\" width=\"1000\" height=\"550\" src=\"https:\/\/centreastronomiquevendeen.fr\/wp-content\/uploads\/2025\/09\/Image0009.jpg\" class=\"slider-404 slide-556 msDefaultImage\" alt=\"\" rel=\"\" title=\"Image0009\" srcset=\"https:\/\/centreastronomiquevendeen.fr\/wp-content\/uploads\/2025\/09\/Image0009.jpg 1000w, https:\/\/centreastronomiquevendeen.fr\/wp-content\/uploads\/2025\/09\/Image0009-300x165.jpg 300w, https:\/\/centreastronomiquevendeen.fr\/wp-content\/uploads\/2025\/09\/Image0009-768x422.jpg 768w\" sizes=\"auto, (max-width: 1000px) 100vw, 1000px\" \/><\/li>\n                <li style=\"display: none; width: 100%;\" class=\"slide-557 ms-image \" aria-roledescription=\"slide\" data-date=\"2025-09-28 00:49:38\" data-filename=\"Image0010.jpg\" data-slide-type=\"image\"><img loading=\"lazy\" decoding=\"async\" width=\"1000\" height=\"454\" src=\"https:\/\/centreastronomiquevendeen.fr\/wp-content\/uploads\/2025\/09\/Image0010.jpg\" class=\"slider-404 slide-557 msDefaultImage\" alt=\"\" rel=\"\" title=\"Image0010\" srcset=\"https:\/\/centreastronomiquevendeen.fr\/wp-content\/uploads\/2025\/09\/Image0010.jpg 1000w, https:\/\/centreastronomiquevendeen.fr\/wp-content\/uploads\/2025\/09\/Image0010-300x136.jpg 300w, https:\/\/centreastronomiquevendeen.fr\/wp-content\/uploads\/2025\/09\/Image0010-768x349.jpg 768w\" sizes=\"auto, (max-width: 1000px) 100vw, 1000px\" \/><\/li>\n            <\/ul>\n        <div class='ms-slider-loading'><img src='https:\/\/centreastronomiquevendeen.fr\/wp-admin\/images\/spinner.gif' alt='Chargement\u2026'><\/div>\n        <\/div>\n        \n    <\/div>\n<\/div><\/div>\n\n\n\n<p><\/p>\n","protected":false},"excerpt":{"rendered":"<p>\ud83c\udfd7\ufe0fConstruction de l&rsquo;observatoire en images Cet album retrace les diff\u00e9rentes \u00e9tapes de la construction de l&rsquo;observatoire. Afin de r\u00e9duire les co\u00fbts, les travaux ont \u00e9t\u00e9 en tr\u00e8s grande partie par les membres de l&rsquo;association.<\/p>\n","protected":false},"author":1,"featured_media":0,"parent":0,"menu_order":0,"comment_status":"closed","ping_status":"closed","template":"","meta":{"footnotes":""},"class_list":["post-401","page","type-page","status-publish","hentry","entry"],"_links":{"self":[{"href":"https:\/\/centreastronomiquevendeen.fr\/index.php?rest_route=\/wp\/v2\/pages\/401","targetHints":{"allow":["GET"]}}],"collection":[{"href":"https:\/\/centreastronomiquevendeen.fr\/index.php?rest_route=\/wp\/v2\/pages"}],"about":[{"href":"https:\/\/centreastronomiquevendeen.fr\/index.php?rest_route=\/wp\/v2\/types\/page"}],"author":[{"embeddable":true,"href":"https:\/\/centreastronomiquevendeen.fr\/index.php?rest_route=\/wp\/v2\/users\/1"}],"replies":[{"embeddable":true,"href":"https:\/\/centreastronomiquevendeen.fr\/index.php?rest_route=%2Fwp%2Fv2%2Fcomments&post=401"}],"version-history":[{"count":5,"href":"https:\/\/centreastronomiquevendeen.fr\/index.php?rest_route=\/wp\/v2\/pages\/401\/revisions"}],"predecessor-version":[{"id":1046,"href":"https:\/\/centreastronomiquevendeen.fr\/index.php?rest_route=\/wp\/v2\/pages\/401\/revisions\/1046"}],"wp:attachment":[{"href":"https:\/\/centreastronomiquevendeen.fr\/index.php?rest_route=%2Fwp%2Fv2%2Fmedia&parent=401"}],"curies":[{"name":"wp","href":"https:\/\/api.w.org\/{rel}","templated":true}]}}