{"id":802,"date":"2025-10-04T16:58:37","date_gmt":"2025-10-04T15:58:37","guid":{"rendered":"https:\/\/centreastronomiquevendeen.fr\/?page_id=802"},"modified":"2025-10-29T12:03:15","modified_gmt":"2025-10-29T11:03:15","slug":"telescopes-intelligents","status":"publish","type":"page","link":"https:\/\/centreastronomiquevendeen.fr\/?page_id=802","title":{"rendered":"T\u00e9lescopes intelligents"},"content":{"rendered":"\n<p>Ces t\u00e9lescopes automatiques sont assez r\u00e9cents et permettent la recherche d&rsquo;objets et leurs visualisation sans connaissances particuli\u00e8res.<\/p>\n\n\n\n<h2 class=\"wp-block-heading\">Voici plusieurs mod\u00e8les souvent cit\u00e9s :<\/h2>\n\n\n\n<ul class=\"wp-block-list\">\n<li><a href=\"https:\/\/shop.eu.unistellar.com\/fr\/products\/evscope-2\" target=\"_blank\" rel=\"noreferrer noopener\">Unistellar eVscope 2<\/a> ou Equinox 2 (sans oculaire)<\/li>\n\n\n\n<li><a href=\"https:\/\/vaonis.com\/fr\" target=\"_blank\" rel=\"noreferrer noopener\">Vaonis <\/a>Stellina \/ Vespera \/ Vespera II \/ Vespera Pro<\/li>\n\n\n\n<li><a href=\"https:\/\/www.pierro-astro.com\/marques\/celestron\/smart-t%C3%A9lescope-origin-celestron_detail\" target=\"_blank\" rel=\"noreferrer noopener\">Celestron Origin<\/a><\/li>\n\n\n\n<li>ZWO Seestar S30 et <a href=\"https:\/\/www.loisirsplaisirs.com\/telescope-zwo\/4960-telescope-seestar-s50-zwo-0748305559976.html\" target=\"_blank\" rel=\"noreferrer noopener\">S50<\/a><\/li>\n\n\n\n<li><a href=\"https:\/\/dwarflab.com\/fr-fr\/products\/dwarf-3-smart-telescope\" target=\"_blank\" rel=\"noreferrer noopener\">Dwarf III<\/a><\/li>\n<\/ul>\n\n\n\n<p>Actuellement le meilleur rapport Q\/P est le <strong>ZWO Seestar S50<\/strong> (environ 650\u20ac). Les autres (hors Dwarf III) sont beaucoup plus chers et parfois moins polyvalents.<br>Il peut fonctionner en mode Alt-Azimutal ou Equatorial (moyennant une t\u00eate adaptatrice par exemple pr\u00e9sente sur un bon tr\u00e9pied photo).<\/p>\n\n\n\n<p>Quelques photos prises aves le Seestar S50 fin 2023 (le logiciel s&rsquo;est consid\u00e9rablement am\u00e9lior\u00e9 depuis.<br>Les photos d&rsquo;Ysaure ont \u00e9t\u00e9 prises en 2025.<br>Pas de post traitement.<\/p>\n\n\n\n<div class=\"alignnormal\"><div id=\"metaslider-id-767\" style=\"max-width: 500px; margin: 0 auto;\" class=\"ml-slider-3-107-0 metaslider metaslider-flex metaslider-767 ml-slider has-dots-nav ms-theme-default-base\" role=\"region\" aria-label=\"EAA S50\" data-height=\"900\" data-width=\"500\">\n    <div id=\"metaslider_container_767\">\n        <div id=\"metaslider_767\">\n            <ul aria-live='off' class='slides'>\n                <li style=\"display: block; width: 100%;\" class=\"slide-781 ms-image \" aria-roledescription=\"slide\" data-date=\"2025-10-04 16:12:51\" data-filename=\"NGC869-500x900.jpg\" data-slide-type=\"image\"><img loading=\"lazy\" decoding=\"async\" src=\"https:\/\/centreastronomiquevendeen.fr\/wp-content\/uploads\/2025\/10\/NGC869-500x900.jpg\" height=\"900\" width=\"500\" alt=\"\" class=\"slider-767 slide-781 msDefaultImage\" title=\"NGC869\" \/><div class=\"caption-wrap\"><div class=\"caption\"><div>NGC 869 - Photographe Francis C<\/div><\/div><\/div><\/li>\n                <li style=\"display: none; width: 100%;\" class=\"slide-1010 ms-image \" aria-roledescription=\"slide\" data-date=\"2025-10-06 17:56:26\" data-filename=\"M33-500x900.webp\" data-slide-type=\"image\"><img loading=\"lazy\" decoding=\"async\" src=\"https:\/\/centreastronomiquevendeen.fr\/wp-content\/uploads\/2025\/10\/M33-500x900.webp\" height=\"900\" width=\"500\" alt=\"\" class=\"slider-767 slide-1010 msDefaultImage\" title=\"M33\" \/><div class=\"caption-wrap\"><div class=\"caption\"><div>M33 - Photographe Ysaure<\/div><\/div><\/div><\/li>\n                <li style=\"display: none; width: 100%;\" class=\"slide-1007 ms-image \" aria-roledescription=\"slide\" data-date=\"2025-10-06 17:56:26\" data-filename=\"casque-500x900.jpg\" data-slide-type=\"image\"><img loading=\"lazy\" decoding=\"async\" src=\"https:\/\/centreastronomiquevendeen.fr\/wp-content\/uploads\/2025\/10\/casque-500x900.jpg\" height=\"900\" width=\"500\" alt=\"\" class=\"slider-767 slide-1007 msDefaultImage\" title=\"casque\" \/><div class=\"caption-wrap\"><div class=\"caption\"><div>Casque de Thor- Photographe Ysaure<\/div><\/div><\/div><\/li>\n                <li style=\"display: none; width: 100%;\" class=\"slide-780 ms-image \" aria-roledescription=\"slide\" data-date=\"2025-10-04 16:12:51\" data-filename=\"M42-500x900.jpg\" data-slide-type=\"image\"><img loading=\"lazy\" decoding=\"async\" src=\"https:\/\/centreastronomiquevendeen.fr\/wp-content\/uploads\/2025\/10\/M42-500x900.jpg\" height=\"900\" width=\"500\" alt=\"\" class=\"slider-767 slide-780 msDefaultImage\" title=\"M42\" \/><div class=\"caption-wrap\"><div class=\"caption\"><div>M42 N\u00e9buleuse d'Orion - Photographe Francis C<\/div><\/div><\/div><\/li>\n                <li style=\"display: none; width: 100%;\" class=\"slide-1008 ms-image \" aria-roledescription=\"slide\" data-date=\"2025-10-06 17:56:26\" data-filename=\"eclipse-500x900.jpg\" data-slide-type=\"image\"><img loading=\"lazy\" decoding=\"async\" src=\"https:\/\/centreastronomiquevendeen.fr\/wp-content\/uploads\/2025\/10\/eclipse-500x900.jpg\" height=\"900\" width=\"500\" alt=\"\" class=\"slider-767 slide-1008 msDefaultImage\" title=\"eclipse\" \/><div class=\"caption-wrap\"><div class=\"caption\"><div>Eclipse de soleil- Photographe Ysaure<\/div><\/div><\/div><\/li>\n                <li style=\"display: none; width: 100%;\" class=\"slide-1014 ms-image \" aria-roledescription=\"slide\" data-date=\"2025-10-06 17:56:26\" data-filename=\"ngc891-500x900.jpg\" data-slide-type=\"image\"><img loading=\"lazy\" decoding=\"async\" src=\"https:\/\/centreastronomiquevendeen.fr\/wp-content\/uploads\/2025\/10\/ngc891-500x900.jpg\" height=\"900\" width=\"500\" alt=\"\" class=\"slider-767 slide-1014 msDefaultImage\" title=\"ngc891\" \/><div class=\"caption-wrap\"><div class=\"caption\"><div>Galaxie de l'aiguille - Photographe Ysaure<\/div><\/div><\/div><\/li>\n                <li style=\"display: none; width: 100%;\" class=\"slide-782 ms-image \" aria-roledescription=\"slide\" data-date=\"2025-10-04 16:12:51\" data-filename=\"Uranus-zoom-203x367.jpg\" data-slide-type=\"image\"><img loading=\"lazy\" decoding=\"async\" src=\"https:\/\/centreastronomiquevendeen.fr\/wp-content\/uploads\/2025\/10\/Uranus-zoom-203x367.jpg\" height=\"900\" width=\"500\" alt=\"\" class=\"slider-767 slide-782 msDefaultImage\" title=\"Uranus zoom\" \/><div class=\"caption-wrap\"><div class=\"caption\"><div>Zoom sur Uranus et ses satellites\u00a0<\/div><\/div><\/div><\/li>\n                <li style=\"display: none; width: 100%;\" class=\"slide-1006 ms-image \" aria-roledescription=\"slide\" data-date=\"2025-10-06 17:56:26\" data-filename=\"balai-500x900.jpg\" data-slide-type=\"image\"><img loading=\"lazy\" decoding=\"async\" src=\"https:\/\/centreastronomiquevendeen.fr\/wp-content\/uploads\/2025\/10\/balai-500x900.jpg\" height=\"900\" width=\"500\" alt=\"\" class=\"slider-767 slide-1006 msDefaultImage\" title=\"balai\" \/><div class=\"caption-wrap\"><div class=\"caption\"><div>Balai de sorci\u00e8re - Photographe Ysaure<\/div><\/div><\/div><\/li>\n                <li style=\"display: none; width: 100%;\" class=\"slide-811 ms-image \" aria-roledescription=\"slide\" data-date=\"2025-10-04 17:06:06\" data-filename=\"lune-500x900.jpg\" data-slide-type=\"image\"><img loading=\"lazy\" decoding=\"async\" src=\"https:\/\/centreastronomiquevendeen.fr\/wp-content\/uploads\/2025\/10\/lune-500x900.jpg\" height=\"900\" width=\"500\" alt=\"\" class=\"slider-767 slide-811 msDefaultImage\" title=\"lune\" \/><div class=\"caption-wrap\"><div class=\"caption\"><div>Lune - Photographe Francis C<\/div><\/div><\/div><\/li>\n                <li style=\"display: none; width: 100%;\" class=\"slide-783 ms-image \" aria-roledescription=\"slide\" data-date=\"2025-10-04 16:12:51\" data-filename=\"Uranus-500x900.jpg\" data-slide-type=\"image\"><img loading=\"lazy\" decoding=\"async\" src=\"https:\/\/centreastronomiquevendeen.fr\/wp-content\/uploads\/2025\/10\/Uranus-500x900.jpg\" height=\"900\" width=\"500\" alt=\"\" class=\"slider-767 slide-783 msDefaultImage\" title=\"Uranus\" \/><div class=\"caption-wrap\"><div class=\"caption\"><div>Uranus - Photographe Francis C<\/div><\/div><\/div><\/li>\n                <li style=\"display: none; width: 100%;\" class=\"slide-1009 ms-image \" aria-roledescription=\"slide\" data-date=\"2025-10-06 17:56:26\" data-filename=\"m1-500x900.jpg\" data-slide-type=\"image\"><img loading=\"lazy\" decoding=\"async\" src=\"https:\/\/centreastronomiquevendeen.fr\/wp-content\/uploads\/2025\/10\/m1-500x900.jpg\" height=\"900\" width=\"500\" alt=\"\" class=\"slider-767 slide-1009 msDefaultImage\" title=\"m1\" \/><div class=\"caption-wrap\"><div class=\"caption\"><div>M1 (Crabe) - Photographe Ysaure<\/div><\/div><\/div><\/li>\n                <li style=\"display: none; width: 100%;\" class=\"slide-1015 ms-image \" aria-roledescription=\"slide\" data-date=\"2025-10-06 17:56:26\" data-filename=\"rosette-scaled-500x900.jpg\" data-slide-type=\"image\"><img loading=\"lazy\" decoding=\"async\" src=\"https:\/\/centreastronomiquevendeen.fr\/wp-content\/uploads\/2025\/10\/rosette-scaled-500x900.jpg\" height=\"900\" width=\"500\" alt=\"\" class=\"slider-767 slide-1015 msDefaultImage\" title=\"rosette\" \/><div class=\"caption-wrap\"><div class=\"caption\"><div>N\u00e9buleuse de la Rosette - Photographe Ysaure<\/div><\/div><\/div><\/li>\n                <li style=\"display: none; width: 100%;\" class=\"slide-1012 ms-image \" aria-roledescription=\"slide\" data-date=\"2025-10-06 17:56:26\" data-filename=\"m81-500x900.jpg\" data-slide-type=\"image\"><img loading=\"lazy\" decoding=\"async\" src=\"https:\/\/centreastronomiquevendeen.fr\/wp-content\/uploads\/2025\/10\/m81-500x900.jpg\" height=\"900\" width=\"500\" alt=\"\" class=\"slider-767 slide-1012 msDefaultImage\" title=\"m81\" \/><div class=\"caption-wrap\"><div class=\"caption\"><div>M81 + M82 - Photographe Ysaure<\/div><\/div><\/div><\/li>\n                <li style=\"display: none; width: 100%;\" class=\"slide-1013 ms-image \" aria-roledescription=\"slide\" data-date=\"2025-10-06 17:56:26\" data-filename=\"m101-500x900.jpg\" data-slide-type=\"image\"><img loading=\"lazy\" decoding=\"async\" src=\"https:\/\/centreastronomiquevendeen.fr\/wp-content\/uploads\/2025\/10\/m101-500x900.jpg\" height=\"900\" width=\"500\" alt=\"\" class=\"slider-767 slide-1013 msDefaultImage\" title=\"m101\" \/><div class=\"caption-wrap\"><div class=\"caption\"><div>M101 - Photographe Ysaure<\/div><\/div><\/div><\/li>\n                <li style=\"display: none; width: 100%;\" class=\"slide-1011 ms-image \" aria-roledescription=\"slide\" data-date=\"2025-10-06 17:56:26\" data-filename=\"m51-1-500x900.jpg\" data-slide-type=\"image\"><img loading=\"lazy\" decoding=\"async\" src=\"https:\/\/centreastronomiquevendeen.fr\/wp-content\/uploads\/2025\/10\/m51-1-500x900.jpg\" height=\"900\" width=\"500\" alt=\"\" class=\"slider-767 slide-1011 msDefaultImage\" title=\"m51\" \/><div class=\"caption-wrap\"><div class=\"caption\"><div>M51 - Photographe Ysaure<\/div><\/div><\/div><\/li>\n                <li style=\"display: none; width: 100%;\" class=\"slide-777 ms-image \" aria-roledescription=\"slide\" data-date=\"2025-10-04 16:12:51\" data-filename=\"IC434-55mn-500x900.jpg\" data-slide-type=\"image\"><img loading=\"lazy\" decoding=\"async\" src=\"https:\/\/centreastronomiquevendeen.fr\/wp-content\/uploads\/2025\/10\/IC434-55mn-500x900.jpg\" height=\"900\" width=\"500\" alt=\"\" class=\"slider-767 slide-777 msDefaultImage\" title=\"IC434 55mn\" \/><div class=\"caption-wrap\"><div class=\"caption\"><div>IC434 (55') - Photographe Francis C<\/div><\/div><\/div><\/li>\n                <li style=\"display: none; width: 100%;\" class=\"slide-776 ms-image \" aria-roledescription=\"slide\" data-date=\"2025-10-04 16:12:51\" data-filename=\"Artifice-1120s-DeNoiseAI-denoise-500x900.png\" data-slide-type=\"image\"><img loading=\"lazy\" decoding=\"async\" src=\"https:\/\/centreastronomiquevendeen.fr\/wp-content\/uploads\/2025\/10\/Artifice-1120s-DeNoiseAI-denoise-500x900.png\" height=\"900\" width=\"500\" alt=\"\" class=\"slider-767 slide-776 msDefaultImage\" title=\"Artifice 1120s-DeNoiseAI-denoise\" \/><div class=\"caption-wrap\"><div class=\"caption\"><div>Galaxie du feu d'artifice - Photographe Francis C<\/div><\/div><\/div><\/li>\n            <\/ul>\n        <\/div>\n        \n    <\/div>\n<\/div><\/div>\n\n\n\n<p><\/p>\n","protected":false},"excerpt":{"rendered":"<p>Ces t\u00e9lescopes automatiques sont assez r\u00e9cents et permettent la recherche d&rsquo;objets et leurs visualisation sans connaissances particuli\u00e8res. Voici plusieurs mod\u00e8les souvent cit\u00e9s : Actuellement le meilleur rapport Q\/P est le ZWO Seestar S50 (environ 650\u20ac). Les autres (hors Dwarf III) sont beaucoup plus chers et parfois moins polyvalents.Il peut fonctionner en mode Alt-Azimutal ou Equatorial [&hellip;]<\/p>\n","protected":false},"author":1,"featured_media":0,"parent":0,"menu_order":0,"comment_status":"closed","ping_status":"closed","template":"","meta":{"footnotes":""},"class_list":["post-802","page","type-page","status-publish","hentry","entry"],"_links":{"self":[{"href":"https:\/\/centreastronomiquevendeen.fr\/index.php?rest_route=\/wp\/v2\/pages\/802","targetHints":{"allow":["GET"]}}],"collection":[{"href":"https:\/\/centreastronomiquevendeen.fr\/index.php?rest_route=\/wp\/v2\/pages"}],"about":[{"href":"https:\/\/centreastronomiquevendeen.fr\/index.php?rest_route=\/wp\/v2\/types\/page"}],"author":[{"embeddable":true,"href":"https:\/\/centreastronomiquevendeen.fr\/index.php?rest_route=\/wp\/v2\/users\/1"}],"replies":[{"embeddable":true,"href":"https:\/\/centreastronomiquevendeen.fr\/index.php?rest_route=%2Fwp%2Fv2%2Fcomments&post=802"}],"version-history":[{"count":9,"href":"https:\/\/centreastronomiquevendeen.fr\/index.php?rest_route=\/wp\/v2\/pages\/802\/revisions"}],"predecessor-version":[{"id":1133,"href":"https:\/\/centreastronomiquevendeen.fr\/index.php?rest_route=\/wp\/v2\/pages\/802\/revisions\/1133"}],"wp:attachment":[{"href":"https:\/\/centreastronomiquevendeen.fr\/index.php?rest_route=%2Fwp%2Fv2%2Fmedia&parent=802"}],"curies":[{"name":"wp","href":"https:\/\/api.w.org\/{rel}","templated":true}]}}