{"id":812,"date":"2025-10-04T17:42:17","date_gmt":"2025-10-04T16:42:17","guid":{"rendered":"https:\/\/centreastronomiquevendeen.fr\/?page_id=812"},"modified":"2025-10-23T17:30:47","modified_gmt":"2025-10-23T16:30:47","slug":"avec-un-asiair-ou-sharpcap","status":"publish","type":"page","link":"https:\/\/centreastronomiquevendeen.fr\/?page_id=812","title":{"rendered":"Avec un ASIAIR ou un Mini-PC"},"content":{"rendered":"\n<h2 class=\"wp-block-heading\">\ud83d\udcbb Principe<\/h2>\n\n\n\n<div class=\"wp-block-media-text has-media-on-the-right is-stacked-on-mobile\" style=\"grid-template-columns:auto 44%\"><div class=\"wp-block-media-text__content\">\n<p>Dans ce cas, il faut un syst\u00e8me de pilotage type mini-PC ou PC Portable avec un pack de logiciels ou boitier ASIAIR ainsi qu&rsquo;une monture \u00e9quatoriale ou Alt-Azimutale avec un suivi.<br>Cette derni\u00e8re n\u00e9cessitera un d\u00e9rotateur afin de pouvoir faire des poses plus longues mais des poses de quelques secondes restent possibles.<\/p>\n<\/div><figure class=\"wp-block-media-text__media\"><img loading=\"lazy\" decoding=\"async\" width=\"649\" height=\"274\" src=\"http:\/\/centreastronomiquevendeen.fr\/wp-content\/uploads\/2025\/10\/eq-alt-az-1.png\" alt=\"\" class=\"wp-image-918 size-full\" srcset=\"https:\/\/centreastronomiquevendeen.fr\/wp-content\/uploads\/2025\/10\/eq-alt-az-1.png 649w, https:\/\/centreastronomiquevendeen.fr\/wp-content\/uploads\/2025\/10\/eq-alt-az-1-300x127.png 300w\" sizes=\"auto, (max-width: 649px) 100vw, 649px\" \/><\/figure><\/div>\n\n\n\n<div class=\"wp-block-media-text is-stacked-on-mobile\"><figure class=\"wp-block-media-text__media\"><a href=\"https:\/\/centreastronomiquevendeen.fr\/wp-content\/uploads\/2025\/10\/asiair.jpg\"><img loading=\"lazy\" decoding=\"async\" width=\"1024\" height=\"712\" src=\"http:\/\/centreastronomiquevendeen.fr\/wp-content\/uploads\/2025\/10\/asiair-1024x712.jpg\" alt=\"\" class=\"wp-image-912 size-full\" srcset=\"https:\/\/centreastronomiquevendeen.fr\/wp-content\/uploads\/2025\/10\/asiair-1024x712.jpg 1024w, https:\/\/centreastronomiquevendeen.fr\/wp-content\/uploads\/2025\/10\/asiair-300x208.jpg 300w, https:\/\/centreastronomiquevendeen.fr\/wp-content\/uploads\/2025\/10\/asiair-768x534.jpg 768w, https:\/\/centreastronomiquevendeen.fr\/wp-content\/uploads\/2025\/10\/asiair-1536x1067.jpg 1536w, https:\/\/centreastronomiquevendeen.fr\/wp-content\/uploads\/2025\/10\/asiair-2048x1423.jpg 2048w\" sizes=\"auto, (max-width: 1024px) 100vw, 1024px\" \/><\/a><\/figure><div class=\"wp-block-media-text__content\">\n<p>Ci-contre une copie d&rsquo;\u00e9cran du r\u00e9sultat de l&#8217;empilement de 10x30s sur la N\u00e9buleuse Trifid avec une monture equatoriale et un Newton F\/D4.<br>Syst\u00e8me pilot\u00e9 avec un boitier <a href=\"https:\/\/www.pierro-astro.com\/marques\/z-w-o\/accessoires-zwo\/mini-ordinateur-autonome-asiair-plus-256go-zwo_detail\" target=\"_blank\" rel=\"noreferrer noopener\">ASIAIR <\/a>et un iPAd.<br>L&#8217;empilement (stack) se fait en direct (Live).<\/p>\n<\/div><\/div>\n\n\n\n<hr class=\"wp-block-separator has-alpha-channel-opacity\"\/>\n\n\n\n<p>Bien s\u00fbr, une lunette\/Newton\/Richtey Chr\u00e9tien\/Schmidt Cassegrain. Un rapport focal\/diam\u00e8tre faible et une bonne ouverture permettent de capter davantage de lumi\u00e8re et tr\u00e8s rapidement, ce qui est essentiel en EAA.<\/p>\n\n\n\n<p>Certains astrams font de l&rsquo;EAA du ciel profond sans suivi. C&rsquo;est sport mais c&rsquo;est possible. C&rsquo;est plus simple en plan\u00e9taire.<\/p>\n\n\n\n<p><\/p>\n\n\n\n<h2 class=\"wp-block-heading\">\ud83d\udcf7 Quelques exemples de prises r\u00e9alis\u00e9es <br>avec un ASIAIR lors des Nuits des Etoiles 2025 :<\/h2>\n\n\n\n<p>Superbe soir\u00e9e,\u00a0des\u00a0personnes tr\u00e8s int\u00e9ress\u00e9es et pas mal de questions techniques mais aussi philosophiques&#8230;.<br>Quelques souvenirs avec\u00a0des\u00a0poses <strong>entre 3mn et 9mn<\/strong> avec un Newton 200\/800 pour chaque image (sauf M81 17mn mais c&rsquo;\u00e9tait en toute fin). Aucun traitement sur les images.<\/p>\n\n\n\n<div class=\"alignnormal\"><div id=\"metaslider-id-816\" style=\"max-width: 800px; margin: 0 auto;\" class=\"ml-slider-3-107-0 metaslider metaslider-flex metaslider-816 ml-slider has-dots-nav ms-theme-default-base\" role=\"region\" aria-label=\"EAA ASIAIR\" data-height=\"700\" data-width=\"800\">\n    <div id=\"metaslider_container_816\">\n        <div id=\"metaslider_816\">\n            <ul aria-live='off' class='slides'>\n                <li style=\"display: block; width: 100%;\" class=\"slide-839 ms-image \" aria-roledescription=\"slide\" data-date=\"2025-10-04 18:03:43\" data-filename=\"M8-lagune-601x526.jpg\" data-slide-type=\"image\"><img loading=\"lazy\" decoding=\"async\" src=\"https:\/\/centreastronomiquevendeen.fr\/wp-content\/uploads\/2025\/10\/M8-lagune-601x526.jpg\" height=\"700\" width=\"800\" alt=\"\" class=\"slider-816 slide-839 msDefaultImage\" title=\"M8 lagune\" \/><div class=\"caption-wrap\"><div class=\"caption\"><div>M8 N\u00e9buleuse de la Lagune - Photographe Francis C<\/div><\/div><\/div><\/li>\n                <li style=\"display: none; width: 100%;\" class=\"slide-840 ms-image \" aria-roledescription=\"slide\" data-date=\"2025-10-04 18:03:43\" data-filename=\"M13-610x534.jpg\" data-slide-type=\"image\"><img loading=\"lazy\" decoding=\"async\" src=\"https:\/\/centreastronomiquevendeen.fr\/wp-content\/uploads\/2025\/10\/M13-610x534.jpg\" height=\"700\" width=\"800\" alt=\"\" class=\"slider-816 slide-840 msDefaultImage\" title=\"M13\" \/><div class=\"caption-wrap\"><div class=\"caption\"><div>M13 - Photographe Francis C<\/div><\/div><\/div><\/li>\n                <li style=\"display: none; width: 100%;\" class=\"slide-841 ms-image \" aria-roledescription=\"slide\" data-date=\"2025-10-04 18:03:43\" data-filename=\"M16-627x549.jpg\" data-slide-type=\"image\"><img loading=\"lazy\" decoding=\"async\" src=\"https:\/\/centreastronomiquevendeen.fr\/wp-content\/uploads\/2025\/10\/M16-627x549.jpg\" height=\"700\" width=\"800\" alt=\"\" class=\"slider-816 slide-841 msDefaultImage\" title=\"M16\" \/><div class=\"caption-wrap\"><div class=\"caption\"><div>M16 + piliers de la cr\u00e9ation - Photographe Francis C<\/div><\/div><\/div><\/li>\n                <li style=\"display: none; width: 100%;\" class=\"slide-842 ms-image \" aria-roledescription=\"slide\" data-date=\"2025-10-04 18:03:43\" data-filename=\"M20-trifid-609x533.jpg\" data-slide-type=\"image\"><img loading=\"lazy\" decoding=\"async\" src=\"https:\/\/centreastronomiquevendeen.fr\/wp-content\/uploads\/2025\/10\/M20-trifid-609x533.jpg\" height=\"700\" width=\"800\" alt=\"\" class=\"slider-816 slide-842 msDefaultImage\" title=\"M20 trifid\" \/><div class=\"caption-wrap\"><div class=\"caption\"><div>M20 Trifid - Photographe Francis C<\/div><\/div><\/div><\/li>\n                <li style=\"display: none; width: 100%;\" class=\"slide-843 ms-image \" aria-roledescription=\"slide\" data-date=\"2025-10-04 18:03:43\" data-filename=\"M27-553x484.jpg\" data-slide-type=\"image\"><img loading=\"lazy\" decoding=\"async\" src=\"https:\/\/centreastronomiquevendeen.fr\/wp-content\/uploads\/2025\/10\/M27-553x484.jpg\" height=\"700\" width=\"800\" alt=\"\" class=\"slider-816 slide-843 msDefaultImage\" title=\"M27\" \/><div class=\"caption-wrap\"><div class=\"caption\"><div>M27 N\u00e9buleuse de l'halt\u00e8re - Photographe Francis C<\/div><\/div><\/div><\/li>\n                <li style=\"display: none; width: 100%;\" class=\"slide-844 ms-image \" aria-roledescription=\"slide\" data-date=\"2025-10-04 18:03:43\" data-filename=\"M31-635x556.jpg\" data-slide-type=\"image\"><img loading=\"lazy\" decoding=\"async\" src=\"https:\/\/centreastronomiquevendeen.fr\/wp-content\/uploads\/2025\/10\/M31-635x556.jpg\" height=\"700\" width=\"800\" alt=\"\" class=\"slider-816 slide-844 msDefaultImage\" title=\"M31\" \/><div class=\"caption-wrap\"><div class=\"caption\"><div>M31 androm\u00e8de - Photographe Francis C<\/div><\/div><\/div><\/li>\n                <li style=\"display: none; width: 100%;\" class=\"slide-845 ms-image \" aria-roledescription=\"slide\" data-date=\"2025-10-04 18:03:43\" data-filename=\"M51-595x521.jpg\" data-slide-type=\"image\"><img loading=\"lazy\" decoding=\"async\" src=\"https:\/\/centreastronomiquevendeen.fr\/wp-content\/uploads\/2025\/10\/M51-595x521.jpg\" height=\"700\" width=\"800\" alt=\"\" class=\"slider-816 slide-845 msDefaultImage\" title=\"M51\" \/><div class=\"caption-wrap\"><div class=\"caption\"><div>M51 Galaxie du tourbillon - Photographe Francis C<\/div><\/div><\/div><\/li>\n                <li style=\"display: none; width: 100%;\" class=\"slide-846 ms-image \" aria-roledescription=\"slide\" data-date=\"2025-10-04 18:03:43\" data-filename=\"M57-584x511.jpg\" data-slide-type=\"image\"><img loading=\"lazy\" decoding=\"async\" src=\"https:\/\/centreastronomiquevendeen.fr\/wp-content\/uploads\/2025\/10\/M57-584x511.jpg\" height=\"700\" width=\"800\" alt=\"\" class=\"slider-816 slide-846 msDefaultImage\" title=\"M57\" \/><div class=\"caption-wrap\"><div class=\"caption\"><div>M57 N\u00e9buleuse de la Lyre - Photographe Francis C<\/div><\/div><\/div><\/li>\n                <li style=\"display: none; width: 100%;\" class=\"slide-847 ms-image \" aria-roledescription=\"slide\" data-date=\"2025-10-04 18:03:43\" data-filename=\"M81-M82-17mn-589x516.jpg\" data-slide-type=\"image\"><img loading=\"lazy\" decoding=\"async\" src=\"https:\/\/centreastronomiquevendeen.fr\/wp-content\/uploads\/2025\/10\/M81-M82-17mn-589x516.jpg\" height=\"700\" width=\"800\" alt=\"\" class=\"slider-816 slide-847 msDefaultImage\" title=\"M81 M82 17mn\" \/><div class=\"caption-wrap\"><div class=\"caption\"><div>Galaxies M81 + M82 - Photographe Francis C<\/div><\/div><\/div><\/li>\n                <li style=\"display: none; width: 100%;\" class=\"slide-848 ms-image \" aria-roledescription=\"slide\" data-date=\"2025-10-04 18:03:43\" data-filename=\"NGC6888-635x556.jpg\" data-slide-type=\"image\"><img loading=\"lazy\" decoding=\"async\" src=\"https:\/\/centreastronomiquevendeen.fr\/wp-content\/uploads\/2025\/10\/NGC6888-635x556.jpg\" height=\"700\" width=\"800\" alt=\"\" class=\"slider-816 slide-848 msDefaultImage\" title=\"NGC6888\" \/><div class=\"caption-wrap\"><div class=\"caption\"><div>NGC6888 N\u00e9buleuse du croissant - Photographe Francis C<\/div><\/div><\/div><\/li>\n                <li style=\"display: none; width: 100%;\" class=\"slide-849 ms-image \" aria-roledescription=\"slide\" data-date=\"2025-10-04 18:03:43\" data-filename=\"NGC6960-610x534.jpg\" data-slide-type=\"image\"><img loading=\"lazy\" decoding=\"async\" src=\"https:\/\/centreastronomiquevendeen.fr\/wp-content\/uploads\/2025\/10\/NGC6960-610x534.jpg\" height=\"700\" width=\"800\" alt=\"\" class=\"slider-816 slide-849 msDefaultImage\" title=\"NGC6960\" \/><div class=\"caption-wrap\"><div class=\"caption\"><div>Balai de sorci\u00e8re (Dentelles du cygne) - Photographe Francis C<\/div><\/div><\/div><\/li>\n                <li style=\"display: none; width: 100%;\" class=\"slide-850 ms-image \" aria-roledescription=\"slide\" data-date=\"2025-10-04 18:03:43\" data-filename=\"NGC6992-610x534.jpg\" data-slide-type=\"image\"><img loading=\"lazy\" decoding=\"async\" src=\"https:\/\/centreastronomiquevendeen.fr\/wp-content\/uploads\/2025\/10\/NGC6992-610x534.jpg\" height=\"700\" width=\"800\" alt=\"\" class=\"slider-816 slide-850 msDefaultImage\" title=\"NGC6992\" \/><div class=\"caption-wrap\"><div class=\"caption\"><div> <div>NGC6992 (Dentelles du cygne) - Photographe Francis C<\/div> <\/div><\/div><\/div><\/li>\n            <\/ul>\n        <\/div>\n        \n    <\/div>\n<\/div><\/div>\n","protected":false},"excerpt":{"rendered":"<p>\ud83d\udcbb Principe Dans ce cas, il faut un syst\u00e8me de pilotage type mini-PC ou PC Portable avec un pack de logiciels ou boitier ASIAIR ainsi qu&rsquo;une monture \u00e9quatoriale ou Alt-Azimutale avec un suivi.Cette derni\u00e8re n\u00e9cessitera un d\u00e9rotateur afin de pouvoir faire des poses plus longues mais des poses de quelques secondes restent possibles. Ci-contre une [&hellip;]<\/p>\n","protected":false},"author":1,"featured_media":0,"parent":0,"menu_order":0,"comment_status":"closed","ping_status":"closed","template":"","meta":{"footnotes":""},"class_list":["post-812","page","type-page","status-publish","hentry","entry"],"_links":{"self":[{"href":"https:\/\/centreastronomiquevendeen.fr\/index.php?rest_route=\/wp\/v2\/pages\/812","targetHints":{"allow":["GET"]}}],"collection":[{"href":"https:\/\/centreastronomiquevendeen.fr\/index.php?rest_route=\/wp\/v2\/pages"}],"about":[{"href":"https:\/\/centreastronomiquevendeen.fr\/index.php?rest_route=\/wp\/v2\/types\/page"}],"author":[{"embeddable":true,"href":"https:\/\/centreastronomiquevendeen.fr\/index.php?rest_route=\/wp\/v2\/users\/1"}],"replies":[{"embeddable":true,"href":"https:\/\/centreastronomiquevendeen.fr\/index.php?rest_route=%2Fwp%2Fv2%2Fcomments&post=812"}],"version-history":[{"count":34,"href":"https:\/\/centreastronomiquevendeen.fr\/index.php?rest_route=\/wp\/v2\/pages\/812\/revisions"}],"predecessor-version":[{"id":1130,"href":"https:\/\/centreastronomiquevendeen.fr\/index.php?rest_route=\/wp\/v2\/pages\/812\/revisions\/1130"}],"wp:attachment":[{"href":"https:\/\/centreastronomiquevendeen.fr\/index.php?rest_route=%2Fwp%2Fv2%2Fmedia&parent=812"}],"curies":[{"name":"wp","href":"https:\/\/api.w.org\/{rel}","templated":true}]}}